{"id":91,"date":"2016-02-21T00:25:27","date_gmt":"2016-02-21T00:25:27","guid":{"rendered":"http:\/\/pwi.ch\/wp\/?page_id=91"},"modified":"2022-05-26T12:09:27","modified_gmt":"2022-05-26T12:09:27","slug":"portrait","status":"publish","type":"page","link":"https:\/\/pwi.ch\/wp\/?page_id=91","title":{"rendered":"Portrait"},"content":{"rendered":"<p>Urspr\u00fcnglich\u00a0absolvierte ich eine Lehre als Radioelektriker. Die Fehlersuche faszinierte mich. Die Anforderungen an den Beruf \u00e4nderten sich innert kurzer Zeit. Immer wenn ein Ger\u00e4t einen interessanten Fehler hatte, lohnte sich die Reparatur nicht mehr und so wurde das Schreiben von Offerten f\u00fcr ein neues Ger\u00e4t zur Hauptbesch\u00e4ftigung.<\/p>\n<p>Deshalb entschloss ich mich, im Alter von 30 Jahren, die Ingenieurschule in Muttenz zu besuchen und schloss diese 1991 als dipl. Ing. HTL in Elektronik (Nachrichtentechnik) ab.<\/p>\n<p>Am 1. November 1991 machte ich mich selbstst\u00e4ndig als Informatiker.<\/p>\n<p>Ich sehe mich als Allrounder. Probleme und Fehler sind Herausforderungen, die mich reizen. Und der Kontakt mit anderen Menschen bereichert mein Leben ungemein.<\/p>\n<p>In den ersten Jahren meiner Selbstst\u00e4ndigkeit habe ich vor allem Informatikkurse geleitet. Rund 7000 Personen besuchten einen Kurs bei mir. In den Jahren 2000 &#8211; 2009 hatte ich in Birsfelden einen eigenen Kursraum. Immer wieder wurde ich gefragt, ob ich jemanden kenne, der bei Computerproblemen helfen k\u00f6nne. Da ich auch niemanden kannte, bot ich meine Hilfe an. Unterdessen betreue ich kleinere Firmen und Privatpersonen, wenn sie Hilfe brauchen.<\/p>\n<p>Ich sitze aber auch gerne alleine in meinem B\u00fcro und entwickle Computerprogramme. Gl\u00fccklicherweise bin ich in der Lage, mir schnell Kenntnisse f\u00fcr ein Thema zu erarbeiten. So gelingt es, zusammen mit dem Auftraggeber, der Auftraggeberin, eine gute, schn\u00f6rkellose L\u00f6sung zu entwickeln.<\/p>\n<p>In meiner Freizeit bin ich ein Jogger und <a href=\"http:\/\/www.querschleeger.ch\" target=\"_blank\" rel=\"noopener\">Fasn\u00e4chtler<\/a>. Zudem helfe ich mit, dass in Rothenfluh der <a href=\"http:\/\/www.chesi-rothenfluh.ch\" target=\"_blank\" rel=\"noopener\">Laden im Dorf<\/a> bleibt. Mich fasziniert die Zeit im philosophischen Sinne und wohl deshalb sammle ich Taschensonnenuhren und Sanduhren.<\/p>\n","protected":false},"excerpt":{"rendered":"<p>Urspr\u00fcnglich\u00a0absolvierte ich eine Lehre als Radioelektriker. Die Fehlersuche faszinierte mich. Die Anforderungen an den Beruf \u00e4nderten sich innert kurzer Zeit. Immer wenn ein Ger\u00e4t einen interessanten Fehler hatte, lohnte sich die Reparatur nicht mehr und so wurde das Schreiben von Offerten f\u00fcr ein neues Ger\u00e4t zur Hauptbesch\u00e4ftigung. Deshalb entschloss ich mich, im Alter von 30 [&hellip;]<\/p>\n","protected":false},"author":1,"featured_media":0,"parent":0,"menu_order":0,"comment_status":"closed","ping_status":"closed","template":"page-fullwidth.php","meta":{"_seopress_robots_primary_cat":"","_seopress_titles_title":"","_seopress_titles_desc":"","_seopress_robots_index":"","footnotes":""},"class_list":["post-91","page","type-page","status-publish","hentry"],"_links":{"self":[{"href":"https:\/\/pwi.ch\/wp\/index.php?rest_route=\/wp\/v2\/pages\/91","targetHints":{"allow":["GET"]}}],"collection":[{"href":"https:\/\/pwi.ch\/wp\/index.php?rest_route=\/wp\/v2\/pages"}],"about":[{"href":"https:\/\/pwi.ch\/wp\/index.php?rest_route=\/wp\/v2\/types\/page"}],"author":[{"embeddable":true,"href":"https:\/\/pwi.ch\/wp\/index.php?rest_route=\/wp\/v2\/users\/1"}],"replies":[{"embeddable":true,"href":"https:\/\/pwi.ch\/wp\/index.php?rest_route=%2Fwp%2Fv2%2Fcomments&post=91"}],"version-history":[{"count":7,"href":"https:\/\/pwi.ch\/wp\/index.php?rest_route=\/wp\/v2\/pages\/91\/revisions"}],"predecessor-version":[{"id":249,"href":"https:\/\/pwi.ch\/wp\/index.php?rest_route=\/wp\/v2\/pages\/91\/revisions\/249"}],"wp:attachment":[{"href":"https:\/\/pwi.ch\/wp\/index.php?rest_route=%2Fwp%2Fv2%2Fmedia&parent=91"}],"curies":[{"name":"wp","href":"https:\/\/api.w.org\/{rel}","templated":true}]}}