{"id":28,"date":"2016-02-19T21:57:55","date_gmt":"2016-02-19T21:57:55","guid":{"rendered":"http:\/\/pwi.ch\/wp\/?page_id=28"},"modified":"2016-02-22T17:38:43","modified_gmt":"2016-02-22T17:38:43","slug":"schulung","status":"publish","type":"page","link":"https:\/\/pwi.ch\/wp\/?page_id=28","title":{"rendered":"Schulung"},"content":{"rendered":"<p>Die meisten Leute haben heute PC-Kenntnisse, die sie sich in Kursen oder durch ausprobieren angeeignet haben und oft m\u00fcssen &#8222;nur&#8220; Wissensl\u00fccken gef\u00fcllt werden. Dazu eignet sich eine Einzelschulung. Meistens gen\u00fcgen wenige Stunden, um die Arbeit am Computer effizienter zu erledigen.<\/p>\n<p>Einzelschulungen sind am Arbeitsplatz, bei Ihnen zu Hause oder bei mir im B\u00fcro m\u00f6glich.<br \/>\nDie Kosten f\u00fcr Einzelschulung betragen CHF 120.00 pro Stunde.<\/p>\n<p>F\u00fcr\u00a0folgenden Themen kann ich Ihnen eine Einzelschulung anbieten:<\/p>\n<ul>\n<li>Windows<\/li>\n<li>Word,\u00a0Excel,\u00a0PowerPoint,\u00a0Outlook (inkl. Programmierung mit VBA)<\/li>\n<li>Fotos verwalten und bearbeiten<\/li>\n<li>Datenbankentwicklung mit Access<\/li>\n<li>Entwicklung von Internetauftritten mit Joomla und WordPress<\/li>\n<li>Webbasierende Anwendungen mit php und MySQL<\/li>\n<\/ul>\n","protected":false},"excerpt":{"rendered":"<p>Die meisten Leute haben heute PC-Kenntnisse, die sie sich in Kursen oder durch ausprobieren angeeignet haben und oft m\u00fcssen &#8222;nur&#8220; Wissensl\u00fccken gef\u00fcllt werden. Dazu eignet sich eine Einzelschulung. Meistens gen\u00fcgen wenige Stunden, um die Arbeit am Computer effizienter zu erledigen. Einzelschulungen sind am Arbeitsplatz, bei Ihnen zu Hause oder bei mir im B\u00fcro m\u00f6glich. Die [&hellip;]<\/p>\n","protected":false},"author":1,"featured_media":0,"parent":0,"menu_order":0,"comment_status":"closed","ping_status":"closed","template":"page-fullwidth.php","meta":{"_seopress_robots_primary_cat":"","_seopress_titles_title":"","_seopress_titles_desc":"","_seopress_robots_index":"","footnotes":""},"class_list":["post-28","page","type-page","status-publish","hentry"],"_links":{"self":[{"href":"https:\/\/pwi.ch\/wp\/index.php?rest_route=\/wp\/v2\/pages\/28","targetHints":{"allow":["GET"]}}],"collection":[{"href":"https:\/\/pwi.ch\/wp\/index.php?rest_route=\/wp\/v2\/pages"}],"about":[{"href":"https:\/\/pwi.ch\/wp\/index.php?rest_route=\/wp\/v2\/types\/page"}],"author":[{"embeddable":true,"href":"https:\/\/pwi.ch\/wp\/index.php?rest_route=\/wp\/v2\/users\/1"}],"replies":[{"embeddable":true,"href":"https:\/\/pwi.ch\/wp\/index.php?rest_route=%2Fwp%2Fv2%2Fcomments&post=28"}],"version-history":[{"count":5,"href":"https:\/\/pwi.ch\/wp\/index.php?rest_route=\/wp\/v2\/pages\/28\/revisions"}],"predecessor-version":[{"id":109,"href":"https:\/\/pwi.ch\/wp\/index.php?rest_route=\/wp\/v2\/pages\/28\/revisions\/109"}],"wp:attachment":[{"href":"https:\/\/pwi.ch\/wp\/index.php?rest_route=%2Fwp%2Fv2%2Fmedia&parent=28"}],"curies":[{"name":"wp","href":"https:\/\/api.w.org\/{rel}","templated":true}]}}