{"id":25,"date":"2016-02-19T21:54:37","date_gmt":"2016-02-19T21:54:37","guid":{"rendered":"http:\/\/pwi.ch\/wp\/?page_id=25"},"modified":"2016-02-21T13:52:51","modified_gmt":"2016-02-21T13:52:51","slug":"verkauf","status":"publish","type":"page","link":"https:\/\/pwi.ch\/wp\/?page_id=25","title":{"rendered":"Verkauf"},"content":{"rendered":"<p>Bei mir k\u00f6nnen Sie Hard- und Software kaufen.<\/p>\n<p>Ich habe keine Ger\u00e4te an Lager, sondern bestelle diese nach einem Beratungsgespr\u00e4ch f\u00fcr Sie.<\/p>\n<p>Die Ger\u00e4te werden von mir nach Ihren W\u00fcnschen installiert, konfiguriert und nach Hause, bzw. in die Firma geliefert.<\/p>\n<p>Selbstverst\u00e4ndlich installiere ich auch Ger\u00e4te, die Sie an einem anderen Ort gekauft haben.<\/p>\n","protected":false},"excerpt":{"rendered":"<p>Bei mir k\u00f6nnen Sie Hard- und Software kaufen. Ich habe keine Ger\u00e4te an Lager, sondern bestelle diese nach einem Beratungsgespr\u00e4ch f\u00fcr Sie. Die Ger\u00e4te werden von mir nach Ihren W\u00fcnschen installiert, konfiguriert und nach Hause, bzw. in die Firma geliefert. Selbstverst\u00e4ndlich installiere ich auch Ger\u00e4te, die Sie an einem anderen Ort gekauft haben.<\/p>\n","protected":false},"author":1,"featured_media":0,"parent":0,"menu_order":0,"comment_status":"closed","ping_status":"closed","template":"page-fullwidth.php","meta":{"_seopress_robots_primary_cat":"","_seopress_titles_title":"","_seopress_titles_desc":"","_seopress_robots_index":"","footnotes":""},"class_list":["post-25","page","type-page","status-publish","hentry"],"_links":{"self":[{"href":"https:\/\/pwi.ch\/wp\/index.php?rest_route=\/wp\/v2\/pages\/25","targetHints":{"allow":["GET"]}}],"collection":[{"href":"https:\/\/pwi.ch\/wp\/index.php?rest_route=\/wp\/v2\/pages"}],"about":[{"href":"https:\/\/pwi.ch\/wp\/index.php?rest_route=\/wp\/v2\/types\/page"}],"author":[{"embeddable":true,"href":"https:\/\/pwi.ch\/wp\/index.php?rest_route=\/wp\/v2\/users\/1"}],"replies":[{"embeddable":true,"href":"https:\/\/pwi.ch\/wp\/index.php?rest_route=%2Fwp%2Fv2%2Fcomments&post=25"}],"version-history":[{"count":2,"href":"https:\/\/pwi.ch\/wp\/index.php?rest_route=\/wp\/v2\/pages\/25\/revisions"}],"predecessor-version":[{"id":103,"href":"https:\/\/pwi.ch\/wp\/index.php?rest_route=\/wp\/v2\/pages\/25\/revisions\/103"}],"wp:attachment":[{"href":"https:\/\/pwi.ch\/wp\/index.php?rest_route=%2Fwp%2Fv2%2Fmedia&parent=25"}],"curies":[{"name":"wp","href":"https:\/\/api.w.org\/{rel}","templated":true}]}}